{"id":4794,"date":"2020-05-07T16:00:08","date_gmt":"2020-05-07T14:00:08","guid":{"rendered":"http:\/\/www.madridsensations.com\/?page_id=4794\/"},"modified":"2025-09-19T11:59:12","modified_gmt":"2025-09-19T09:59:12","slug":"segovia-avila","status":"publish","type":"page","link":"https:\/\/www.madridsensations.com\/es\/tour-privado-madrid\/segovia-avila\/","title":{"rendered":"Segovia y Avila: Tour Privado desde Madrid"},"content":{"rendered":"<div class=\"wpb-content-wrapper\"><p>[vc_row][vc_column][vc_column_text]<\/p>\n<p style=\"text-align: left;\"><a href=\"https:\/\/madridsensations.com\/wp-content\/uploads\/2015\/09\/Avila-city-walls.jpg\"><img loading=\"lazy\" decoding=\"async\" class=\"aligncenter wp-image-4393\" title=\"Avila city walls\" src=\"https:\/\/madridsensations.com\/wp-content\/uploads\/2015\/09\/Avila-city-walls.jpg\" alt=\"Avila \" width=\"750\" height=\"422\" srcset=\"https:\/\/www.madridsensations.com\/wp-content\/uploads\/2015\/09\/Avila-city-walls.jpg 750w, https:\/\/www.madridsensations.com\/wp-content\/uploads\/2015\/09\/Avila-city-walls-300x168.jpg 300w, https:\/\/www.madridsensations.com\/wp-content\/uploads\/2015\/09\/Avila-city-walls-357x200.jpg 357w\" sizes=\"auto, (max-width: 750px) 100vw, 750px\" \/><\/a><\/p>\n<h2>Segovia y\u00a0Avila en un d\u00eda: Excursi\u00f3n desde Madrid<\/h2>\n<p style=\"text-align: left;\">Se puede visitar Segovia y \u00c1vila con un tour privado en el mismo d\u00eda, con transporte privado, gu\u00eda oficial de turismo y entradas incluidas.<\/p>\n<p style=\"text-align: left;\">Ambas Patrimonio de la Humanidad de la UNESCO, representan la importancia hist\u00f3rica del centro de Espa\u00f1a en la Edad Media.<\/p>\n<p><strong>Segovia<\/strong> impresiona desde el primer momento, a vista del acueducto romano es \u00fanica, con 2000 a\u00f1os de historia. El castillo fue un palacio real de los Reyes Cat\u00f3licos y otros muchos reyes antes de ellos. El paisaje que le rodea es espectacular.<\/p>\n<p><strong>\u00c1vila<\/strong> es un icono de las fortificaciones europeas, las murallas que rodean el casco antiguo \u00a0son fuertes e impresionantes. La catedral es muy diferente a las dem\u00e1s, es de las m\u00e1s antiguas en Espa\u00f1a, con estilo rom\u00e1nico.[\/vc_column_text][\/vc_column][\/vc_row][vc_row][vc_column][vc_column_text]<\/p>\n<h2>Galer\u00eda de fotos de Segovia<\/h2>\n<p>[\/vc_column_text][vc_masonry_media_grid grid_id=\u00bbvc_gid:1758275878330-145fd40d-105b-7&#8243; include=\u00bb6297,6295,6293,6291,6289,6287,6106&#8243;][vc_column_text]<\/p>\n<h2>Galer\u00eda de fotos de \u00c1vila<\/h2>\n<p>[\/vc_column_text][vc_masonry_media_grid grid_id=\u00bbvc_gid:1758275878331-bd88b26f-f9fd-5&#8243; include=\u00bb6119,6301,6308,6303,6305&#8243;][vc_column_text]<\/p>\n<h2>Informaci\u00f3n pr\u00e1ctica sobre esta Excursi\u00f3n<\/h2>\n<p>[\/vc_column_text][vc_tta_tour color=\u00bbsky\u00bb active_section=\u00bb1&#8243;][vc_tta_section i_icon_fontawesome=\u00bbfar fa-clock\u00bb add_icon=\u00bbtrue\u00bb title=\u00bbDuraci\u00f3n\u00bb tab_id=\u00bb1587307447203-8bdda480-3e2f05b5-62d8&#8243;][vc_column_text]<\/p>\n<p style=\"text-align: center;\"><span style=\"font-size: 28px; color: #54acd2;\"><strong>9 a 10 horas de Excursi\u00f3n<\/strong><\/span><\/p>\n<p>Tiempo exacto total depende del tr\u00e1fico y duraci\u00f3n de la comida.<\/p>\n<ul>\n<li>1h15min coche a Segovia desde su hotel.<\/li>\n<li><strong>3h\u00a0 tour a pie en Segovia y vista panor\u00e1mica desde el coche.<\/strong><\/li>\n<li>1h15 parada para comer.<\/li>\n<li>1h coche a Avila.<\/li>\n<li><strong>1h30min tour a pie en \u00c1vila y vista panor\u00e1mica desde el coche.<\/strong><\/li>\n<li>1h30min regreso en coche al hotel.<\/li>\n<\/ul>\n<p>[\/vc_column_text][\/vc_tta_section][vc_tta_section i_icon_fontawesome=\u00bbfas fa-euro-sign\u00bb add_icon=\u00bbtrue\u00bb title=\u00bbTarifas\u00bb tab_id=\u00bb1587307488659-5b77d3cf-121c05b5-62d8&#8243;][vc_column_text css=\u00bb\u00bb]El precio total del grupo depende del n\u00famero de personas en el grupo:<\/p>\n<table>\n<thead>\n<tr>\n<th><\/th>\n<th style=\"text-align: left;\">Precio Total<\/th>\n<\/tr>\n<\/thead>\n<tbody>\n<tr>\n<td>1 persona<\/td>\n<td>1220 \u20ac<\/td>\n<\/tr>\n<tr>\n<td>2 personas<\/td>\n<td>1240 \u20ac<\/td>\n<\/tr>\n<tr>\n<td>3 personas<\/td>\n<td>1260 \u20ac<\/td>\n<\/tr>\n<tr>\n<td>4 personas<\/td>\n<td>1280 \u20ac<\/td>\n<\/tr>\n<tr>\n<td>5 personas<\/td>\n<td>1300 \u20ac<\/td>\n<\/tr>\n<tr>\n<td>6 personas<\/td>\n<td>1320 \u20ac<\/td>\n<\/tr>\n<tr>\n<td><\/td>\n<td><\/td>\n<\/tr>\n<\/tbody>\n<\/table>\n<p>[\/vc_column_text][\/vc_tta_section][vc_tta_section i_icon_fontawesome=\u00bbfar fa-check-circle\u00bb add_icon=\u00bbtrue\u00bb title=\u00bbIncluido\u00bb tab_id=\u00bb1587307517474-80d1f09c-23a505b5-62d8&#8243;][vc_column_text css=\u00bb\u00bb]<\/p>\n<ul>\n<li>Gu\u00eda Oficial de Turismo en Segovia y en \u00c1vila.<\/li>\n<li>Entradas a la Catedral de Segovia, Alcazar de Segovia y Catedral de Avila.<\/li>\n<li>Transporte en veh\u00edculo privado.<\/li>\n<li>Conductor profesional.<\/li>\n<\/ul>\n<p>[\/vc_column_text][\/vc_tta_section][vc_tta_section i_icon_fontawesome=\u00bbfar fa-times-circle\u00bb add_icon=\u00bbtrue\u00bb title=\u00bbExcluido\u00bb tab_id=\u00bb1587307518474-767f6fb0-25cd05b5-62d8&#8243;][vc_column_text css=\u00bb\u00bb]<\/p>\n<ul>\n<li>Comida y bebidas no incluidas. El gu\u00eda le dar\u00e1 recomendaciones para elegir un restaurante en Segovia.<\/li>\n<li>Entradas a otros monumentos no indicados previamente.<\/li>\n<\/ul>\n<p>[\/vc_column_text][\/vc_tta_section][vc_tta_section i_icon_fontawesome=\u00bbfas fa-map-marker-alt\u00bb add_icon=\u00bbtrue\u00bb title=\u00bbPunto de Encuentro\u00bb tab_id=\u00bb1587307520886-7907fa57-b1e005b5-62d8&#8243;][vc_column_text]Su gu\u00eda y el conductor les recoger\u00e1n en su hotel y les traer\u00e1n de regreso.[\/vc_column_text][vc_column_text][\/vc_column_text][\/vc_tta_section][\/vc_tta_tour][vc_column_text]<\/p>\n<h2>Contacte con nostros para reservar este tour privado<\/h2>\n<p>[\/vc_column_text][vc_btn title=\u00bbContacto\u00bb color=\u00bbpeacoc\u00bb size=\u00bblg\u00bb align=\u00bbcenter\u00bb i_icon_fontawesome=\u00bbfar fa-envelope\u00bb add_icon=\u00bbtrue\u00bb link=\u00bburl:https%3A%2F%2Fwww.madridsensations.com%2Fes%2Fcontacto%2F|title:Contacto||\u00bb][\/vc_column][\/vc_row]<\/p>\n<\/div>","protected":false},"excerpt":{"rendered":"<p>[vc_row][vc_column][vc_column_text] Segovia y\u00a0Avila en un d\u00eda: Excursi\u00f3n desde Madrid Se puede visitar Segovia y \u00c1vila con un tour privado en el mismo d\u00eda, con transporte privado, gu\u00eda oficial de turismo y entradas incluidas. Ambas Patrimonio de la Humanidad de la UNESCO, representan la importancia hist\u00f3rica del centro de Espa\u00f1a en [&hellip;]<\/p>\n","protected":false},"author":5,"featured_media":6120,"parent":1025,"menu_order":0,"comment_status":"closed","ping_status":"closed","template":"","meta":{"_monsterinsights_skip_tracking":false,"_monsterinsights_sitenote_active":false,"_monsterinsights_sitenote_note":"","_monsterinsights_sitenote_category":0,"footnotes":""},"class_list":["post-4794","page","type-page","status-publish","has-post-thumbnail","hentry"],"yoast_head":"<!-- This site is optimized with the Yoast SEO Premium plugin v22.4 (Yoast SEO v26.8) - https:\/\/yoast.com\/product\/yoast-seo-premium-wordpress\/ -->\n<title>Segovia y Avila: Tour Privado desde Madrid - Madrid Sensations Tours ?<\/title>\n<meta name=\"description\" content=\"Tour privado en Segovia y \u00c1vila. Excursi\u00f3n con transporte desde Madrid, gu\u00eda oficial de turismo y entradas incluidas. \u2705\" \/>\n<meta name=\"robots\" content=\"index, follow, max-snippet:-1, max-image-preview:large, max-video-preview:-1\" \/>\n<link rel=\"canonical\" href=\"https:\/\/madridsensations.com\/es\/tour-privado-madrid\/segovia-avila\/\" \/>\n<meta property=\"og:locale\" content=\"es_ES\" \/>\n<meta property=\"og:type\" content=\"article\" \/>\n<meta property=\"og:title\" content=\"Segovia y Avila: Tour Privado desde Madrid\" \/>\n<meta property=\"og:description\" content=\"Tour privado en Segovia y \u00c1vila. Excursi\u00f3n con transporte desde Madrid, gu\u00eda oficial de turismo y entradas incluidas. \u2705\" \/>\n<meta property=\"og:url\" content=\"https:\/\/madridsensations.com\/es\/tour-privado-madrid\/segovia-avila\/\" \/>\n<meta property=\"og:site_name\" content=\"Madrid Sensations Tours\" \/>\n<meta property=\"article:publisher\" content=\"https:\/\/www.facebook.com\/madridsensations\/\" \/>\n<meta property=\"article:modified_time\" content=\"2025-09-19T09:59:12+00:00\" \/>\n<meta property=\"og:image\" content=\"https:\/\/madridsensations.com\/wp-content\/uploads\/2020\/04\/Avila-walls-tour.jpg\" \/>\n\t<meta property=\"og:image:width\" content=\"1000\" \/>\n\t<meta property=\"og:image:height\" content=\"750\" \/>\n\t<meta property=\"og:image:type\" content=\"image\/jpeg\" \/>\n<meta name=\"twitter:label1\" content=\"Tiempo de lectura\" \/>\n\t<meta name=\"twitter:data1\" content=\"5 minutos\" \/>\n<script type=\"application\/ld+json\" class=\"yoast-schema-graph\">{\"@context\":\"https:\/\/schema.org\",\"@graph\":[{\"@type\":\"WebPage\",\"@id\":\"https:\/\/madridsensations.com\/es\/tour-privado-madrid\/segovia-avila\/\",\"url\":\"https:\/\/madridsensations.com\/es\/tour-privado-madrid\/segovia-avila\/\",\"name\":\"Segovia y Avila: Tour Privado desde Madrid - Madrid Sensations Tours ?\",\"isPartOf\":{\"@id\":\"https:\/\/www.madridsensations.com\/es\/#website\"},\"primaryImageOfPage\":{\"@id\":\"https:\/\/madridsensations.com\/es\/tour-privado-madrid\/segovia-avila\/#primaryimage\"},\"image\":{\"@id\":\"https:\/\/madridsensations.com\/es\/tour-privado-madrid\/segovia-avila\/#primaryimage\"},\"thumbnailUrl\":\"https:\/\/www.madridsensations.com\/wp-content\/uploads\/2020\/04\/Avila-walls-tour.jpg\",\"datePublished\":\"2020-05-07T14:00:08+00:00\",\"dateModified\":\"2025-09-19T09:59:12+00:00\",\"description\":\"Tour privado en Segovia y \u00c1vila. Excursi\u00f3n con transporte desde Madrid, gu\u00eda oficial de turismo y entradas incluidas. \u2705\",\"breadcrumb\":{\"@id\":\"https:\/\/madridsensations.com\/es\/tour-privado-madrid\/segovia-avila\/#breadcrumb\"},\"inLanguage\":\"es\",\"potentialAction\":[{\"@type\":\"ReadAction\",\"target\":[\"https:\/\/madridsensations.com\/es\/tour-privado-madrid\/segovia-avila\/\"]}]},{\"@type\":\"ImageObject\",\"inLanguage\":\"es\",\"@id\":\"https:\/\/madridsensations.com\/es\/tour-privado-madrid\/segovia-avila\/#primaryimage\",\"url\":\"https:\/\/www.madridsensations.com\/wp-content\/uploads\/2020\/04\/Avila-walls-tour.jpg\",\"contentUrl\":\"https:\/\/www.madridsensations.com\/wp-content\/uploads\/2020\/04\/Avila-walls-tour.jpg\",\"width\":1000,\"height\":750,\"caption\":\"Murallas de Avila\"},{\"@type\":\"BreadcrumbList\",\"@id\":\"https:\/\/madridsensations.com\/es\/tour-privado-madrid\/segovia-avila\/#breadcrumb\",\"itemListElement\":[{\"@type\":\"ListItem\",\"position\":1,\"name\":\"Home\",\"item\":\"https:\/\/www.madridsensations.com\/es\/\"},{\"@type\":\"ListItem\",\"position\":2,\"name\":\"Tours Privados en Madrid y Alrededores\",\"item\":\"https:\/\/madridsensations.com\/es\/tour-privado-madrid\/\"},{\"@type\":\"ListItem\",\"position\":3,\"name\":\"Segovia y Avila: Tour Privado desde Madrid\"}]},{\"@type\":\"WebSite\",\"@id\":\"https:\/\/www.madridsensations.com\/es\/#website\",\"url\":\"https:\/\/www.madridsensations.com\/es\/\",\"name\":\"Madrid Sensations Tours\",\"description\":\"Explore and Discover Madrid with a private tour!\",\"publisher\":{\"@id\":\"https:\/\/www.madridsensations.com\/es\/#organization\"},\"potentialAction\":[{\"@type\":\"SearchAction\",\"target\":{\"@type\":\"EntryPoint\",\"urlTemplate\":\"https:\/\/www.madridsensations.com\/es\/?s={search_term_string}\"},\"query-input\":{\"@type\":\"PropertyValueSpecification\",\"valueRequired\":true,\"valueName\":\"search_term_string\"}}],\"inLanguage\":\"es\"},{\"@type\":\"Organization\",\"@id\":\"https:\/\/www.madridsensations.com\/es\/#organization\",\"name\":\"Madrid Sensations Tours\",\"url\":\"https:\/\/www.madridsensations.com\/es\/\",\"logo\":{\"@type\":\"ImageObject\",\"inLanguage\":\"es\",\"@id\":\"https:\/\/www.madridsensations.com\/es\/#\/schema\/logo\/image\/\",\"url\":\"https:\/\/www.madridsensations.com\/wp-content\/uploads\/2020\/04\/Logo-Madrid-Sensations.png\",\"contentUrl\":\"https:\/\/www.madridsensations.com\/wp-content\/uploads\/2020\/04\/Logo-Madrid-Sensations.png\",\"width\":3377,\"height\":3377,\"caption\":\"Madrid Sensations Tours\"},\"image\":{\"@id\":\"https:\/\/www.madridsensations.com\/es\/#\/schema\/logo\/image\/\"},\"sameAs\":[\"https:\/\/www.facebook.com\/madridsensations\/\",\"https:\/\/x.com\/MadridSnsations\",\"https:\/\/www.instagram.com\/madridsensations\/\",\"https:\/\/www.linkedin.com\/company\/2560011\/\",\"https:\/\/www.pinterest.es\/madridsensation\",\"https:\/\/www.youtube.com\/c\/Madridsensations\"]}]}<\/script>\n<!-- \/ Yoast SEO Premium plugin. -->","yoast_head_json":{"title":"Segovia y Avila: Tour Privado desde Madrid - Madrid Sensations Tours ?","description":"Tour privado en Segovia y \u00c1vila. Excursi\u00f3n con transporte desde Madrid, gu\u00eda oficial de turismo y entradas incluidas. \u2705","robots":{"index":"index","follow":"follow","max-snippet":"max-snippet:-1","max-image-preview":"max-image-preview:large","max-video-preview":"max-video-preview:-1"},"canonical":"https:\/\/madridsensations.com\/es\/tour-privado-madrid\/segovia-avila\/","og_locale":"es_ES","og_type":"article","og_title":"Segovia y Avila: Tour Privado desde Madrid","og_description":"Tour privado en Segovia y \u00c1vila. Excursi\u00f3n con transporte desde Madrid, gu\u00eda oficial de turismo y entradas incluidas. \u2705","og_url":"https:\/\/madridsensations.com\/es\/tour-privado-madrid\/segovia-avila\/","og_site_name":"Madrid Sensations Tours","article_publisher":"https:\/\/www.facebook.com\/madridsensations\/","article_modified_time":"2025-09-19T09:59:12+00:00","og_image":[{"width":1000,"height":750,"url":"https:\/\/madridsensations.com\/wp-content\/uploads\/2020\/04\/Avila-walls-tour.jpg","type":"image\/jpeg"}],"twitter_misc":{"Tiempo de lectura":"5 minutos"},"schema":{"@context":"https:\/\/schema.org","@graph":[{"@type":"WebPage","@id":"https:\/\/madridsensations.com\/es\/tour-privado-madrid\/segovia-avila\/","url":"https:\/\/madridsensations.com\/es\/tour-privado-madrid\/segovia-avila\/","name":"Segovia y Avila: Tour Privado desde Madrid - Madrid Sensations Tours ?","isPartOf":{"@id":"https:\/\/www.madridsensations.com\/es\/#website"},"primaryImageOfPage":{"@id":"https:\/\/madridsensations.com\/es\/tour-privado-madrid\/segovia-avila\/#primaryimage"},"image":{"@id":"https:\/\/madridsensations.com\/es\/tour-privado-madrid\/segovia-avila\/#primaryimage"},"thumbnailUrl":"https:\/\/www.madridsensations.com\/wp-content\/uploads\/2020\/04\/Avila-walls-tour.jpg","datePublished":"2020-05-07T14:00:08+00:00","dateModified":"2025-09-19T09:59:12+00:00","description":"Tour privado en Segovia y \u00c1vila. Excursi\u00f3n con transporte desde Madrid, gu\u00eda oficial de turismo y entradas incluidas. \u2705","breadcrumb":{"@id":"https:\/\/madridsensations.com\/es\/tour-privado-madrid\/segovia-avila\/#breadcrumb"},"inLanguage":"es","potentialAction":[{"@type":"ReadAction","target":["https:\/\/madridsensations.com\/es\/tour-privado-madrid\/segovia-avila\/"]}]},{"@type":"ImageObject","inLanguage":"es","@id":"https:\/\/madridsensations.com\/es\/tour-privado-madrid\/segovia-avila\/#primaryimage","url":"https:\/\/www.madridsensations.com\/wp-content\/uploads\/2020\/04\/Avila-walls-tour.jpg","contentUrl":"https:\/\/www.madridsensations.com\/wp-content\/uploads\/2020\/04\/Avila-walls-tour.jpg","width":1000,"height":750,"caption":"Murallas de Avila"},{"@type":"BreadcrumbList","@id":"https:\/\/madridsensations.com\/es\/tour-privado-madrid\/segovia-avila\/#breadcrumb","itemListElement":[{"@type":"ListItem","position":1,"name":"Home","item":"https:\/\/www.madridsensations.com\/es\/"},{"@type":"ListItem","position":2,"name":"Tours Privados en Madrid y Alrededores","item":"https:\/\/madridsensations.com\/es\/tour-privado-madrid\/"},{"@type":"ListItem","position":3,"name":"Segovia y Avila: Tour Privado desde Madrid"}]},{"@type":"WebSite","@id":"https:\/\/www.madridsensations.com\/es\/#website","url":"https:\/\/www.madridsensations.com\/es\/","name":"Madrid Sensations Tours","description":"Explore and Discover Madrid with a private tour!","publisher":{"@id":"https:\/\/www.madridsensations.com\/es\/#organization"},"potentialAction":[{"@type":"SearchAction","target":{"@type":"EntryPoint","urlTemplate":"https:\/\/www.madridsensations.com\/es\/?s={search_term_string}"},"query-input":{"@type":"PropertyValueSpecification","valueRequired":true,"valueName":"search_term_string"}}],"inLanguage":"es"},{"@type":"Organization","@id":"https:\/\/www.madridsensations.com\/es\/#organization","name":"Madrid Sensations Tours","url":"https:\/\/www.madridsensations.com\/es\/","logo":{"@type":"ImageObject","inLanguage":"es","@id":"https:\/\/www.madridsensations.com\/es\/#\/schema\/logo\/image\/","url":"https:\/\/www.madridsensations.com\/wp-content\/uploads\/2020\/04\/Logo-Madrid-Sensations.png","contentUrl":"https:\/\/www.madridsensations.com\/wp-content\/uploads\/2020\/04\/Logo-Madrid-Sensations.png","width":3377,"height":3377,"caption":"Madrid Sensations Tours"},"image":{"@id":"https:\/\/www.madridsensations.com\/es\/#\/schema\/logo\/image\/"},"sameAs":["https:\/\/www.facebook.com\/madridsensations\/","https:\/\/x.com\/MadridSnsations","https:\/\/www.instagram.com\/madridsensations\/","https:\/\/www.linkedin.com\/company\/2560011\/","https:\/\/www.pinterest.es\/madridsensation","https:\/\/www.youtube.com\/c\/Madridsensations"]}]}},"_links":{"self":[{"href":"https:\/\/www.madridsensations.com\/es\/wp-json\/wp\/v2\/pages\/4794","targetHints":{"allow":["GET"]}}],"collection":[{"href":"https:\/\/www.madridsensations.com\/es\/wp-json\/wp\/v2\/pages"}],"about":[{"href":"https:\/\/www.madridsensations.com\/es\/wp-json\/wp\/v2\/types\/page"}],"author":[{"embeddable":true,"href":"https:\/\/www.madridsensations.com\/es\/wp-json\/wp\/v2\/users\/5"}],"replies":[{"embeddable":true,"href":"https:\/\/www.madridsensations.com\/es\/wp-json\/wp\/v2\/comments?post=4794"}],"version-history":[{"count":4,"href":"https:\/\/www.madridsensations.com\/es\/wp-json\/wp\/v2\/pages\/4794\/revisions"}],"predecessor-version":[{"id":13985,"href":"https:\/\/www.madridsensations.com\/es\/wp-json\/wp\/v2\/pages\/4794\/revisions\/13985"}],"up":[{"embeddable":true,"href":"https:\/\/www.madridsensations.com\/es\/wp-json\/wp\/v2\/pages\/1025"}],"wp:featuredmedia":[{"embeddable":true,"href":"https:\/\/www.madridsensations.com\/es\/wp-json\/wp\/v2\/media\/6120"}],"wp:attachment":[{"href":"https:\/\/www.madridsensations.com\/es\/wp-json\/wp\/v2\/media?parent=4794"}],"curies":[{"name":"wp","href":"https:\/\/api.w.org\/{rel}","templated":true}]}}