{"id":4615,"date":"2016-05-12T20:19:23","date_gmt":"2016-05-12T18:19:23","guid":{"rendered":"http:\/\/www.madridsensations.com\/es\/?page_id=4615"},"modified":"2025-09-19T12:15:08","modified_gmt":"2025-09-19T10:15:08","slug":"escorial-excursion-desde-madrid","status":"publish","type":"page","link":"https:\/\/www.madridsensations.com\/es\/tour-privado-madrid\/escorial-excursion-desde-madrid\/","title":{"rendered":"Escorial: Tour Privado desde Madrid"},"content":{"rendered":"<div class=\"wpb-content-wrapper\"><p>[vc_row][vc_column][vc_column_text]<a href=\"https:\/\/madridsensations.com\/wp-content\/uploads\/2015\/09\/El-Escorial-gardens.jpg\"><img loading=\"lazy\" decoding=\"async\" class=\"aligncenter wp-image-4376\" title=\"Jardines de el Monasterio de El Escorial\" src=\"https:\/\/madridsensations.com\/wp-content\/uploads\/2015\/09\/El-Escorial-gardens.jpg\" alt=\"Real Sitio de San Lorenzo de El Escorial, fachada sur con jardines\" width=\"750\" height=\"469\" srcset=\"https:\/\/www.madridsensations.com\/wp-content\/uploads\/2015\/09\/El-Escorial-gardens.jpg 750w, https:\/\/www.madridsensations.com\/wp-content\/uploads\/2015\/09\/El-Escorial-gardens-300x187.jpg 300w\" sizes=\"auto, (max-width: 750px) 100vw, 750px\" \/><\/a><\/p>\n<p>El Escorial es un monasterio, un palacio, el pante\u00f3n de los reyes de Espa\u00f1a y una impresionante bas\u00edlica, todo el conjunto es una peque\u00f1a gran ciudad que forma parte del Patrimonio de la Humanidad de la UNESCO. Es una magn\u00edfica construcci\u00f3n del siglo XVI, que simboliza el centro del poder en el \u00abImperio donde nunca se pone el sol\u00bb. Este tesoro arquitect\u00f3nico adem\u00e1s contiene otras magn\u00edficas obras de arte que descubrir\u00e1 al visitar sus habitaciones.<\/p>\n<h2>Informaci\u00f3n pr\u00e1ctica sobre la excursi\u00f3n desde Madrid a El Escorial:<\/h2>\n<p>[\/vc_column_text][vc_tta_tour color=\u00bbsky\u00bb active_section=\u00bb1&#8243;][vc_tta_section i_icon_fontawesome=\u00bbfar fa-clock\u00bb add_icon=\u00bbtrue\u00bb title=\u00bbDuraci\u00f3n\u00bb tab_id=\u00bb1587307447203-8bdda480-3e2f05b5-62d8&#8243;][vc_column_text]<\/p>\n<p style=\"text-align: center;\"><span style=\"font-size: 28px; color: #54acd2;\"><strong>4 horas de Excursi\u00f3n<\/strong><\/span><\/p>\n<ul>\n<li>50min coche a El Escorial desde su hotel.<\/li>\n<li><strong>2h20 visita guiada en el interior de El Escorial.<\/strong><\/li>\n<li>50min regreso en coche al hotel.<\/li>\n<\/ul>\n<p>[\/vc_column_text][\/vc_tta_section][vc_tta_section i_icon_fontawesome=\u00bbfas fa-euro-sign\u00bb add_icon=\u00bbtrue\u00bb title=\u00bbTarifas\u00bb tab_id=\u00bb1587307488659-5b77d3cf-121c05b5-62d8&#8243;][vc_column_text css=\u00bb\u00bb]El precio total del grupo depende del n\u00famero de personas en el grupo:<\/p>\n<table>\n<thead>\n<tr>\n<th><\/th>\n<th style=\"text-align: left;\">Precio Total<\/th>\n<\/tr>\n<\/thead>\n<tbody>\n<tr>\n<td>1 persona<\/td>\n<td>550 \u20ac<\/td>\n<\/tr>\n<tr>\n<td>2 personas<\/td>\n<td>565 \u20ac<\/td>\n<\/tr>\n<tr>\n<td>3 personas<\/td>\n<td>580 \u20ac<\/td>\n<\/tr>\n<tr>\n<td>4 personas<\/td>\n<td>595 \u20ac<\/td>\n<\/tr>\n<tr>\n<td>5 personas<\/td>\n<td>610 \u20ac<\/td>\n<\/tr>\n<tr>\n<td>6 personas<\/td>\n<td>625 \u20ac<\/td>\n<\/tr>\n<tr>\n<td><\/td>\n<td><\/td>\n<\/tr>\n<\/tbody>\n<\/table>\n<p>[\/vc_column_text][\/vc_tta_section][vc_tta_section i_icon_fontawesome=\u00bbfar fa-check-circle\u00bb add_icon=\u00bbtrue\u00bb title=\u00bbIncluido\u00bb tab_id=\u00bb1587307517474-80d1f09c-23a505b5-62d8&#8243;][vc_column_text]<\/p>\n<ul>\n<li>Gu\u00eda Oficial de Turismo.<\/li>\n<li>Entradas a El Escorial<\/li>\n<li>Transporte en veh\u00edculo privado.<\/li>\n<li>Conductor profesional.<\/li>\n<\/ul>\n<p>[\/vc_column_text][\/vc_tta_section][vc_tta_section i_icon_fontawesome=\u00bbfar fa-times-circle\u00bb add_icon=\u00bbtrue\u00bb title=\u00bbExcluido\u00bb tab_id=\u00bb1587307518474-767f6fb0-25cd05b5-62d8&#8243;][vc_column_text]<\/p>\n<ul>\n<li>Comida y bebidas no incluidas.<\/li>\n<li>Entradas a otros monumentos no indicados previamente.<\/li>\n<\/ul>\n<p>[\/vc_column_text][\/vc_tta_section][vc_tta_section i_icon_fontawesome=\u00bbfas fa-map-marker-alt\u00bb add_icon=\u00bbtrue\u00bb title=\u00bbPunto de Encuentro\u00bb tab_id=\u00bb1587307520886-7907fa57-b1e005b5-62d8&#8243;][vc_column_text]Su gu\u00eda y el conductor les recoger\u00e1n en su hotel y les traer\u00e1n de regreso.[\/vc_column_text][vc_column_text][\/vc_column_text][\/vc_tta_section][\/vc_tta_tour][\/vc_column][\/vc_row][vc_row][vc_column][vc_column_text]<\/p>\n<h2>Combinaci\u00f3n de\u00a0El Escorial con otros destinos<\/h2>\n<p>Si no tienen muchos d\u00edas en Madrid, pero quieren visitar tambi\u00e9n otros lugares, se puede combinar el mismo d\u00eda la visita a El Escorial\u00a0con las siguientes opciones:[\/vc_column_text][\/vc_column][\/vc_row][vc_row][vc_column width=\u00bb2\/3&#8243;][vc_column_text]<strong>Escorial y\u00a0Segovia:<\/strong><\/p>\n<ul>\n<li>Segovia es un pueblo muy pintoresco con castillo y un acueducto romano. <a href=\"https:\/\/madridsensations.com\/es\/tour-privado-madrid\/segovia-desde-madrid-tour-privado\/\">M\u00e1s informaci\u00f3n de nuestro tour a Segovia desde Madrid<\/a>.<\/li>\n<li>Esta combinaci\u00f3n es un viaje de 9h desde Madrid, el itinerario ser\u00eda: 1h de trayecto hasta Segovia, 3h de visita guiada en Segovia, 1h para comer, 1h de trayecto hasta El Escorial, 2h de visita guiada en Escorial y 1h de regreso a Madrid.<\/li>\n<li><a href=\"https:\/\/madridsensations.com\/es\/contacto\/\">Cont\u00e1ctenos para consultar tarifas<\/a>.<\/li>\n<\/ul>\n<p>[\/vc_column_text][\/vc_column][vc_column width=\u00bb1\/3&#8243;][vc_single_image image=\u00bb2920&#8243; img_size=\u00bblarge\u00bb alignment=\u00bbcenter\u00bb style=\u00bbvc_box_outline\u00bb][\/vc_column][\/vc_row][vc_row][vc_column width=\u00bb2\/3&#8243;][vc_column_text]<strong>Escorial\u00a0y Valle de los Ca\u00eddos<\/strong><\/p>\n<ul>\n<li>Valle\u00a0de los Ca\u00eddos es una cripta\u00a0monumental construida el siglo pasado para conmemorar el fin de la Guerra Civil Espa\u00f1ola. En ella est\u00e1n enterrados fallecidos de ambos bandos.<\/li>\n<li>Informaci\u00f3n sobre el <a href=\"https:\/\/madridsensations.com\/es\/tour-privado-madrid\/escorial-y-valle-de-los-caidos\/\">Tour de Escorial y Valle de los Ca\u00eddos<\/a>.<\/li>\n<\/ul>\n<p>[\/vc_column_text][\/vc_column][vc_column width=\u00bb1\/3&#8243;][vc_single_image image=\u00bb4638&#8243; img_size=\u00bblarge\u00bb alignment=\u00bbcenter\u00bb style=\u00bbvc_box_outline\u00bb][\/vc_column][\/vc_row][vc_row][vc_column width=\u00bb2\/3&#8243;][vc_column_text]<\/p>\n<p><strong>Escorial y\u00a0Madrid:<\/strong><\/p>\n<ul>\n<li>Se puede combinar un <a href=\"https:\/\/madridsensations.com\/es\/tour-privado-madrid\/madrid-turistico-medio-dia\/\">tour de medio d\u00eda en Madrid<\/a> con la visita a El Escorial.<\/li>\n<\/ul>\n<p>[\/vc_column_text][\/vc_column][vc_column width=\u00bb1\/3&#8243;][vc_single_image image=\u00bb3862&#8243; img_size=\u00bblarge\u00bb alignment=\u00bbcenter\u00bb style=\u00bbvc_box_outline\u00bb][\/vc_column][\/vc_row][vc_row][vc_column][vc_column_text]<\/p>\n<h2>Contacte con nosotros para reservar su tour<\/h2>\n<div class=\"wpcf7 no-js\" id=\"wpcf7-f6536-o1\" lang=\"en-US\" dir=\"ltr\" data-wpcf7-id=\"6536\">\n<div class=\"screen-reader-response\"><p role=\"status\" aria-live=\"polite\" aria-atomic=\"true\"><\/p> <ul><\/ul><\/div>\n<form action=\"\/es\/wp-json\/wp\/v2\/pages\/4615#wpcf7-f6536-o1\" method=\"post\" class=\"wpcf7-form init wpcf7-acceptance-as-validation\" aria-label=\"Contact form\" novalidate=\"novalidate\" data-status=\"init\">\n<div style=\"display: none;\">\n<input type=\"hidden\" name=\"_wpcf7\" value=\"6536\" \/>\n<input type=\"hidden\" name=\"_wpcf7_version\" value=\"6.0.4\" \/>\n<input type=\"hidden\" name=\"_wpcf7_locale\" value=\"en_US\" \/>\n<input type=\"hidden\" name=\"_wpcf7_unit_tag\" value=\"wpcf7-f6536-o1\" \/>\n<input type=\"hidden\" name=\"_wpcf7_container_post\" value=\"0\" \/>\n<input type=\"hidden\" name=\"_wpcf7_posted_data_hash\" value=\"\" \/>\n<input type=\"hidden\" name=\"_wpcf7_recaptcha_response\" value=\"\" \/>\n<\/div>\n<div class=\"formulario\">\n\t<p><label><span class=\"labelform\">Nombre (requerido)<\/span><br \/>\n<span class=\"wpcf7-form-control-wrap\" data-name=\"your-name\"><input size=\"40\" maxlength=\"400\" class=\"wpcf7-form-control wpcf7-text wpcf7-validates-as-required\" aria-required=\"true\" aria-invalid=\"false\" value=\"\" type=\"text\" name=\"your-name\" \/><\/span> <\/label><span id=\"wpcf7-69fc52936ab4f-wrapper\" class=\"wpcf7-form-control-wrap website-wrap\" style=\"display:none !important; visibility:hidden !important;\"><label for=\"wpcf7-69fc52936ab4f-field\" class=\"hp-message\">Please leave this field empty.<\/label><input id=\"wpcf7-69fc52936ab4f-field\"  class=\"wpcf7-form-control wpcf7-text\" type=\"text\" name=\"website\" value=\"\" size=\"40\" tabindex=\"-1\" autocomplete=\"new-password\" \/><\/span><br \/>\n<label><span class=\"labelform\">Email (requerido)<\/span><br \/>\n<span class=\"wpcf7-form-control-wrap\" data-name=\"your-email\"><input size=\"40\" maxlength=\"400\" class=\"wpcf7-form-control wpcf7-email wpcf7-validates-as-required wpcf7-text wpcf7-validates-as-email\" aria-required=\"true\" aria-invalid=\"false\" value=\"\" type=\"email\" name=\"your-email\" \/><\/span> <\/label><br \/>\n<label><span class=\"labelform\">Mensaje (requerido)<\/span><br \/>\n<span class=\"wpcf7-form-control-wrap\" data-name=\"your-message\"><textarea cols=\"40\" rows=\"10\" maxlength=\"2000\" class=\"wpcf7-form-control wpcf7-textarea wpcf7-validates-as-required\" aria-required=\"true\" aria-invalid=\"false\" name=\"your-message\"><\/textarea><\/span> <\/label>\n\t<\/p>\n\t<p class=\"textopeqRGPD\">Madrid Sensations Tours utilizar\u00e1 mis datos para resolver mi consulta y los guardar\u00e1 para mantener contacto comercial conmigo, elimin\u00e1ndolos bajo mi petici\u00f3n expresa de acuerdo a la ley vigente. En el documento <a href=\"https:\/\/madridsensations.com\/\/es\/aviso-legal-y-politica-de-privacidad\/\">Pol\u00edtica de Privacidad<\/a> se me indica c\u00f3mo puedo ejercer mis derechos.\n\t<\/p>\n<input class=\"wpcf7-form-control wpcf7-hidden\" value=\"Madrid Sensations Tours Contact Form (ES)\" type=\"hidden\" name=\"your-subject\" \/>\n\t<p><span class=\"wpcf7-form-control-wrap\" data-name=\"your-consent\"><span class=\"wpcf7-form-control wpcf7-acceptance\"><span class=\"wpcf7-list-item\"><label><input type=\"checkbox\" name=\"your-consent\" value=\"1\" aria-invalid=\"false\" \/><span class=\"wpcf7-list-item-label\">He le\u00eddo y acepto las condiciones de la Pol\u00edtica de Privacidad<\/span><\/label><\/span><\/span><\/span>\n\t<\/p>\n\t<p><input class=\"wpcf7-form-control wpcf7-submit has-spinner\" type=\"submit\" value=\"Enviar\" \/>\n\t<\/p>\n<\/div><div class=\"wpcf7-response-output\" aria-hidden=\"true\"><\/div>\n<\/form>\n<\/div>\n[\/vc_column_text][vc_column_text]<a href=\"https:\/\/madridsensations.com\/wp-content\/uploads\/2015\/09\/El-Escorial.jpg\"><img loading=\"lazy\" decoding=\"async\" class=\"aligncenter wp-image-4368\" title=\"Vista panor\u00e1mica de el monasterio de El Escorial desde el mirador\" src=\"https:\/\/madridsensations.com\/wp-content\/uploads\/2015\/09\/El-Escorial.jpg\" alt=\"Monasterio de El Escorial visto desde el Mirador\" width=\"800\" height=\"446\" srcset=\"https:\/\/www.madridsensations.com\/wp-content\/uploads\/2015\/09\/El-Escorial.jpg 800w, https:\/\/www.madridsensations.com\/wp-content\/uploads\/2015\/09\/El-Escorial-300x167.jpg 300w, https:\/\/www.madridsensations.com\/wp-content\/uploads\/2015\/09\/El-Escorial-357x200.jpg 357w\" sizes=\"auto, (max-width: 800px) 100vw, 800px\" \/><\/a>[\/vc_column_text][\/vc_column][\/vc_row]<\/p>\n<\/div>","protected":false},"excerpt":{"rendered":"<p>[vc_row][vc_column][vc_column_text] El Escorial es un monasterio, un palacio, el pante\u00f3n de los reyes de Espa\u00f1a y una impresionante bas\u00edlica, todo el conjunto es una peque\u00f1a gran ciudad que forma parte del Patrimonio de la Humanidad de la UNESCO. Es una magn\u00edfica construcci\u00f3n del siglo XVI, que simboliza el centro del [&hellip;]<\/p>\n","protected":false},"author":5,"featured_media":4368,"parent":1025,"menu_order":0,"comment_status":"closed","ping_status":"closed","template":"","meta":{"_monsterinsights_skip_tracking":false,"_monsterinsights_sitenote_active":false,"_monsterinsights_sitenote_note":"","_monsterinsights_sitenote_category":0,"footnotes":""},"class_list":["post-4615","page","type-page","status-publish","has-post-thumbnail","hentry"],"yoast_head":"<!-- This site is optimized with the Yoast SEO Premium plugin v22.4 (Yoast SEO v26.8) - https:\/\/yoast.com\/product\/yoast-seo-premium-wordpress\/ -->\n<title>Escorial: Tour Privado desde Madrid - Madrid Sensations Tours<\/title>\n<meta name=\"description\" content=\"Excursi\u00f3n a El Escorial desde Madrid, visita guiada con gu\u00eda oficial, entradas y transporte privado. Se puede combinar con Segovia o Toledo.\" \/>\n<meta name=\"robots\" content=\"index, follow, max-snippet:-1, max-image-preview:large, max-video-preview:-1\" \/>\n<link rel=\"canonical\" href=\"https:\/\/www.madridsensations.com\/es\/tour-privado-madrid\/escorial-excursion-desde-madrid\/\" \/>\n<meta property=\"og:locale\" content=\"es_ES\" \/>\n<meta property=\"og:type\" content=\"article\" \/>\n<meta property=\"og:title\" content=\"Escorial: Tour Privado desde Madrid\" \/>\n<meta property=\"og:description\" content=\"Excursi\u00f3n a El Escorial desde Madrid, visita guiada con gu\u00eda oficial, entradas y transporte privado. Se puede combinar con Segovia o Toledo.\" \/>\n<meta property=\"og:url\" content=\"https:\/\/www.madridsensations.com\/es\/tour-privado-madrid\/escorial-excursion-desde-madrid\/\" \/>\n<meta property=\"og:site_name\" content=\"Madrid Sensations Tours\" \/>\n<meta property=\"article:publisher\" content=\"https:\/\/www.facebook.com\/madridsensations\/\" \/>\n<meta property=\"article:modified_time\" content=\"2025-09-19T10:15:08+00:00\" \/>\n<meta property=\"og:image\" content=\"https:\/\/www.madridsensations.com\/wp-content\/uploads\/2015\/09\/El-Escorial.jpg\" \/>\n\t<meta property=\"og:image:width\" content=\"800\" \/>\n\t<meta property=\"og:image:height\" content=\"446\" \/>\n\t<meta property=\"og:image:type\" content=\"image\/jpeg\" \/>\n<meta name=\"twitter:label1\" content=\"Tiempo de lectura\" \/>\n\t<meta name=\"twitter:data1\" content=\"4 minutos\" \/>\n<script type=\"application\/ld+json\" class=\"yoast-schema-graph\">{\"@context\":\"https:\/\/schema.org\",\"@graph\":[{\"@type\":\"WebPage\",\"@id\":\"https:\/\/www.madridsensations.com\/es\/tour-privado-madrid\/escorial-excursion-desde-madrid\/\",\"url\":\"https:\/\/www.madridsensations.com\/es\/tour-privado-madrid\/escorial-excursion-desde-madrid\/\",\"name\":\"Escorial: Tour Privado desde Madrid - Madrid Sensations Tours\",\"isPartOf\":{\"@id\":\"https:\/\/www.madridsensations.com\/#website\"},\"primaryImageOfPage\":{\"@id\":\"https:\/\/www.madridsensations.com\/es\/tour-privado-madrid\/escorial-excursion-desde-madrid\/#primaryimage\"},\"image\":{\"@id\":\"https:\/\/www.madridsensations.com\/es\/tour-privado-madrid\/escorial-excursion-desde-madrid\/#primaryimage\"},\"thumbnailUrl\":\"https:\/\/www.madridsensations.com\/wp-content\/uploads\/2015\/09\/El-Escorial.jpg\",\"datePublished\":\"2016-05-12T18:19:23+00:00\",\"dateModified\":\"2025-09-19T10:15:08+00:00\",\"description\":\"Excursi\u00f3n a El Escorial desde Madrid, visita guiada con gu\u00eda oficial, entradas y transporte privado. Se puede combinar con Segovia o Toledo.\",\"breadcrumb\":{\"@id\":\"https:\/\/www.madridsensations.com\/es\/tour-privado-madrid\/escorial-excursion-desde-madrid\/#breadcrumb\"},\"inLanguage\":\"es\",\"potentialAction\":[{\"@type\":\"ReadAction\",\"target\":[\"https:\/\/www.madridsensations.com\/es\/tour-privado-madrid\/escorial-excursion-desde-madrid\/\"]}]},{\"@type\":\"ImageObject\",\"inLanguage\":\"es\",\"@id\":\"https:\/\/www.madridsensations.com\/es\/tour-privado-madrid\/escorial-excursion-desde-madrid\/#primaryimage\",\"url\":\"https:\/\/www.madridsensations.com\/wp-content\/uploads\/2015\/09\/El-Escorial.jpg\",\"contentUrl\":\"https:\/\/www.madridsensations.com\/wp-content\/uploads\/2015\/09\/El-Escorial.jpg\",\"width\":800,\"height\":446},{\"@type\":\"BreadcrumbList\",\"@id\":\"https:\/\/www.madridsensations.com\/es\/tour-privado-madrid\/escorial-excursion-desde-madrid\/#breadcrumb\",\"itemListElement\":[{\"@type\":\"ListItem\",\"position\":1,\"name\":\"Home\",\"item\":\"https:\/\/www.madridsensations.com\/es\/\"},{\"@type\":\"ListItem\",\"position\":2,\"name\":\"Tours Privados en Madrid y Alrededores\",\"item\":\"https:\/\/www.madridsensations.com\/es\/tour-privado-madrid\/\"},{\"@type\":\"ListItem\",\"position\":3,\"name\":\"Escorial: Tour Privado desde Madrid\"}]},{\"@type\":\"WebSite\",\"@id\":\"https:\/\/www.madridsensations.com\/#website\",\"url\":\"https:\/\/www.madridsensations.com\/\",\"name\":\"Madrid Sensations Tours\",\"description\":\"Explore and Discover Madrid with a private tour!\",\"publisher\":{\"@id\":\"https:\/\/www.madridsensations.com\/#organization\"},\"potentialAction\":[{\"@type\":\"SearchAction\",\"target\":{\"@type\":\"EntryPoint\",\"urlTemplate\":\"https:\/\/www.madridsensations.com\/?s={search_term_string}\"},\"query-input\":{\"@type\":\"PropertyValueSpecification\",\"valueRequired\":true,\"valueName\":\"search_term_string\"}}],\"inLanguage\":\"es\"},{\"@type\":\"Organization\",\"@id\":\"https:\/\/www.madridsensations.com\/#organization\",\"name\":\"Madrid Sensations Tours\",\"url\":\"https:\/\/www.madridsensations.com\/\",\"logo\":{\"@type\":\"ImageObject\",\"inLanguage\":\"es\",\"@id\":\"https:\/\/www.madridsensations.com\/#\/schema\/logo\/image\/\",\"url\":\"https:\/\/www.madridsensations.com\/wp-content\/uploads\/2020\/04\/Logo-Madrid-Sensations.png\",\"contentUrl\":\"https:\/\/www.madridsensations.com\/wp-content\/uploads\/2020\/04\/Logo-Madrid-Sensations.png\",\"width\":3377,\"height\":3377,\"caption\":\"Madrid Sensations Tours\"},\"image\":{\"@id\":\"https:\/\/www.madridsensations.com\/#\/schema\/logo\/image\/\"},\"sameAs\":[\"https:\/\/www.facebook.com\/madridsensations\/\",\"https:\/\/x.com\/MadridSnsations\",\"https:\/\/www.instagram.com\/madridsensations\/\",\"https:\/\/www.linkedin.com\/company\/2560011\/\",\"https:\/\/www.pinterest.es\/madridsensation\",\"https:\/\/www.youtube.com\/c\/Madridsensations\"]}]}<\/script>\n<!-- \/ Yoast SEO Premium plugin. -->","yoast_head_json":{"title":"Escorial: Tour Privado desde Madrid - Madrid Sensations Tours","description":"Excursi\u00f3n a El Escorial desde Madrid, visita guiada con gu\u00eda oficial, entradas y transporte privado. Se puede combinar con Segovia o Toledo.","robots":{"index":"index","follow":"follow","max-snippet":"max-snippet:-1","max-image-preview":"max-image-preview:large","max-video-preview":"max-video-preview:-1"},"canonical":"https:\/\/www.madridsensations.com\/es\/tour-privado-madrid\/escorial-excursion-desde-madrid\/","og_locale":"es_ES","og_type":"article","og_title":"Escorial: Tour Privado desde Madrid","og_description":"Excursi\u00f3n a El Escorial desde Madrid, visita guiada con gu\u00eda oficial, entradas y transporte privado. Se puede combinar con Segovia o Toledo.","og_url":"https:\/\/www.madridsensations.com\/es\/tour-privado-madrid\/escorial-excursion-desde-madrid\/","og_site_name":"Madrid Sensations Tours","article_publisher":"https:\/\/www.facebook.com\/madridsensations\/","article_modified_time":"2025-09-19T10:15:08+00:00","og_image":[{"width":800,"height":446,"url":"https:\/\/www.madridsensations.com\/wp-content\/uploads\/2015\/09\/El-Escorial.jpg","type":"image\/jpeg"}],"twitter_misc":{"Tiempo de lectura":"4 minutos"},"schema":{"@context":"https:\/\/schema.org","@graph":[{"@type":"WebPage","@id":"https:\/\/www.madridsensations.com\/es\/tour-privado-madrid\/escorial-excursion-desde-madrid\/","url":"https:\/\/www.madridsensations.com\/es\/tour-privado-madrid\/escorial-excursion-desde-madrid\/","name":"Escorial: Tour Privado desde Madrid - Madrid Sensations Tours","isPartOf":{"@id":"https:\/\/www.madridsensations.com\/#website"},"primaryImageOfPage":{"@id":"https:\/\/www.madridsensations.com\/es\/tour-privado-madrid\/escorial-excursion-desde-madrid\/#primaryimage"},"image":{"@id":"https:\/\/www.madridsensations.com\/es\/tour-privado-madrid\/escorial-excursion-desde-madrid\/#primaryimage"},"thumbnailUrl":"https:\/\/www.madridsensations.com\/wp-content\/uploads\/2015\/09\/El-Escorial.jpg","datePublished":"2016-05-12T18:19:23+00:00","dateModified":"2025-09-19T10:15:08+00:00","description":"Excursi\u00f3n a El Escorial desde Madrid, visita guiada con gu\u00eda oficial, entradas y transporte privado. Se puede combinar con Segovia o Toledo.","breadcrumb":{"@id":"https:\/\/www.madridsensations.com\/es\/tour-privado-madrid\/escorial-excursion-desde-madrid\/#breadcrumb"},"inLanguage":"es","potentialAction":[{"@type":"ReadAction","target":["https:\/\/www.madridsensations.com\/es\/tour-privado-madrid\/escorial-excursion-desde-madrid\/"]}]},{"@type":"ImageObject","inLanguage":"es","@id":"https:\/\/www.madridsensations.com\/es\/tour-privado-madrid\/escorial-excursion-desde-madrid\/#primaryimage","url":"https:\/\/www.madridsensations.com\/wp-content\/uploads\/2015\/09\/El-Escorial.jpg","contentUrl":"https:\/\/www.madridsensations.com\/wp-content\/uploads\/2015\/09\/El-Escorial.jpg","width":800,"height":446},{"@type":"BreadcrumbList","@id":"https:\/\/www.madridsensations.com\/es\/tour-privado-madrid\/escorial-excursion-desde-madrid\/#breadcrumb","itemListElement":[{"@type":"ListItem","position":1,"name":"Home","item":"https:\/\/www.madridsensations.com\/es\/"},{"@type":"ListItem","position":2,"name":"Tours Privados en Madrid y Alrededores","item":"https:\/\/www.madridsensations.com\/es\/tour-privado-madrid\/"},{"@type":"ListItem","position":3,"name":"Escorial: Tour Privado desde Madrid"}]},{"@type":"WebSite","@id":"https:\/\/www.madridsensations.com\/#website","url":"https:\/\/www.madridsensations.com\/","name":"Madrid Sensations Tours","description":"Explore and Discover Madrid with a private tour!","publisher":{"@id":"https:\/\/www.madridsensations.com\/#organization"},"potentialAction":[{"@type":"SearchAction","target":{"@type":"EntryPoint","urlTemplate":"https:\/\/www.madridsensations.com\/?s={search_term_string}"},"query-input":{"@type":"PropertyValueSpecification","valueRequired":true,"valueName":"search_term_string"}}],"inLanguage":"es"},{"@type":"Organization","@id":"https:\/\/www.madridsensations.com\/#organization","name":"Madrid Sensations Tours","url":"https:\/\/www.madridsensations.com\/","logo":{"@type":"ImageObject","inLanguage":"es","@id":"https:\/\/www.madridsensations.com\/#\/schema\/logo\/image\/","url":"https:\/\/www.madridsensations.com\/wp-content\/uploads\/2020\/04\/Logo-Madrid-Sensations.png","contentUrl":"https:\/\/www.madridsensations.com\/wp-content\/uploads\/2020\/04\/Logo-Madrid-Sensations.png","width":3377,"height":3377,"caption":"Madrid Sensations Tours"},"image":{"@id":"https:\/\/www.madridsensations.com\/#\/schema\/logo\/image\/"},"sameAs":["https:\/\/www.facebook.com\/madridsensations\/","https:\/\/x.com\/MadridSnsations","https:\/\/www.instagram.com\/madridsensations\/","https:\/\/www.linkedin.com\/company\/2560011\/","https:\/\/www.pinterest.es\/madridsensation","https:\/\/www.youtube.com\/c\/Madridsensations"]}]}},"_links":{"self":[{"href":"https:\/\/www.madridsensations.com\/es\/wp-json\/wp\/v2\/pages\/4615","targetHints":{"allow":["GET"]}}],"collection":[{"href":"https:\/\/www.madridsensations.com\/es\/wp-json\/wp\/v2\/pages"}],"about":[{"href":"https:\/\/www.madridsensations.com\/es\/wp-json\/wp\/v2\/types\/page"}],"author":[{"embeddable":true,"href":"https:\/\/www.madridsensations.com\/es\/wp-json\/wp\/v2\/users\/5"}],"replies":[{"embeddable":true,"href":"https:\/\/www.madridsensations.com\/es\/wp-json\/wp\/v2\/comments?post=4615"}],"version-history":[{"count":1,"href":"https:\/\/www.madridsensations.com\/es\/wp-json\/wp\/v2\/pages\/4615\/revisions"}],"predecessor-version":[{"id":13990,"href":"https:\/\/www.madridsensations.com\/es\/wp-json\/wp\/v2\/pages\/4615\/revisions\/13990"}],"up":[{"embeddable":true,"href":"https:\/\/www.madridsensations.com\/es\/wp-json\/wp\/v2\/pages\/1025"}],"wp:featuredmedia":[{"embeddable":true,"href":"https:\/\/www.madridsensations.com\/es\/wp-json\/wp\/v2\/media\/4368"}],"wp:attachment":[{"href":"https:\/\/www.madridsensations.com\/es\/wp-json\/wp\/v2\/media?parent=4615"}],"curies":[{"name":"wp","href":"https:\/\/api.w.org\/{rel}","templated":true}]}}